{"id":1954,"date":"2022-05-31T07:38:33","date_gmt":"2022-05-31T07:38:33","guid":{"rendered":"https:\/\/atmstechnology.com\/?page_id=1954"},"modified":"2024-12-05T09:09:41","modified_gmt":"2024-12-05T09:09:41","slug":"privacy-policy","status":"publish","type":"page","link":"https:\/\/bmst.bridgestone\/es\/privacy-policy\/","title":{"rendered":"Pol\u00edtica de Privacidad"},"content":{"rendered":"<div class=\"wpb-content-wrapper\"><div class=\"vc_row wpb_row vc_row-fluid privacy-policy-extra-class vc_custom_1718038372298\"><div class=\"wpb_column vc_column_container vc_col-sm-12\"><div class=\"vc_column-inner\"><div class=\"wpb_wrapper\"><div  class=\"vc_wp_text wpb_content_element\"><div class=\"widget widget_text\">\t\t\t<div class=\"textwidget\"><\/p>\n<h1 class=\"wp-block-heading\">Pol\u00edtica de Privacidad<\/h1>\n<p>Residentes de California, consulte tambi\u00e9n el\u00a0<a href=\"https:\/\/www.bridgestoneamericas.com\/en\/california-privacy-policy\">California Privacy Policy and Notice at Collection<\/a>.<\/p>\n<p><strong>\u00daltima actualizaci\u00f3n: 21\/02\/2022<\/strong><\/p>\n<p data-pm-slice=\"1 1 &#091;&quot;bulletList&quot;,null,&quot;listItem&quot;,null&#093;\">Bridgestone Mining Solutions Technology Limited le agradece por acceder a https:\/\/bmst.bridgestone\/ (el \u201cSitio\u201d). Esta Pol\u00edtica de Privacidad se aplica al Sitio y forma parte de los T\u00e9rminos y Condiciones de Uso que rigen su uso del Sitio.<\/p>\n<p>Lea atentamente esta Pol\u00edtica de Privacidad antes de utilizar el Sitio. Al utilizar el Sitio, usted reconoce que ha le\u00eddo esta Pol\u00edtica de privacidad y acepta regirse por ella. Si no est\u00e1 de acuerdo con alguno de los t\u00e9rminos contenidos en la Pol\u00edtica de Privacidad, su soluci\u00f3n es no utilizar el Sitio. Esta Pol\u00edtica de Privacidad le informa sobre las pr\u00e1cticas de recopilaci\u00f3n, uso y divulgaci\u00f3n de informaci\u00f3n de Bridgestone Mining Solutions Technology Limited y se aplica a la informaci\u00f3n recopilada a trav\u00e9s de su uso de este Sitio y sus comunicaciones electr\u00f3nicas a trav\u00e9s de este Sitio.<\/p>\n<p>Esta Pol\u00edtica de Privacidad no se aplica a la informaci\u00f3n recopilada por terceros, incluso a trav\u00e9s de sitios web, aplicaciones u otro contenido al que se pueda acceder desde este Sitio o que est\u00e9 vinculado a \u00e9l.<\/p>\n<p><strong>1. Recopilaci\u00f3n de informaci\u00f3n<\/strong>.<\/p>\n<p data-pm-slice=\"1 1 &#091;&quot;bulletList&quot;,null,&quot;listItem&quot;,null&#093;\">Bridgestone Mining Solutions Technology Limited puede recopilar informaci\u00f3n suya en varios puntos diferentes y de diferentes maneras en este Sitio. Puede navegar por el Sitio sin decirnos qui\u00e9n es ni revelar ninguna informaci\u00f3n personal sobre usted que no sea la informaci\u00f3n que nos proporciona autom\u00e1ticamente (que se analiza a continuaci\u00f3n).<\/p>\n<p><strong>2. Tipos de informaci\u00f3n.<\/strong><\/p>\n<p>2.1\u00a0\u00a0\u00a0\u00a0\u00a0\u00a0\u00a0\u00a0\u00a0\u00a0<strong>informaci\u00f3n no personal<\/strong><\/p>\n<p data-pm-slice=\"1 1 &#091;&quot;bulletList&quot;,null,&quot;listItem&quot;,null&#093;\">Bridgestone Mining Solutions Technology Limited recopila informaci\u00f3n no personal a trav\u00e9s del Sitio. La \u201cInformaci\u00f3n no personal\u201d es informaci\u00f3n que no lo identifica individualmente (como los datos demogr\u00e1ficos del grupo) o no permite una asociaci\u00f3n directa con un individuo. Puede incluir informaci\u00f3n derivada de informaci\u00f3n personal (definida a continuaci\u00f3n) que se ha eliminado de identificadores \u00fanicos o que de otro modo est\u00e1 despersonalizada o combinada con informaci\u00f3n sobre otros usuarios para formar datos agregados. Bridgestone Mining Solutions Technology Limited tambi\u00e9n recopila informaci\u00f3n de contacto suya a trav\u00e9s del Sitio. Esto puede incluir informaci\u00f3n personal, aunque Bridgestone Mining Solutions Technology Limited solicita su informaci\u00f3n de contacto relacionada con el trabajo. La \u201cInformaci\u00f3n personal\u201d incluye su informaci\u00f3n de identificaci\u00f3n personal, incluido el nombre y apellido junto con la direcci\u00f3n de correo electr\u00f3nico, direcci\u00f3n postal, n\u00famero de tel\u00e9fono o informaci\u00f3n de contacto adicional. En la medida en que la Informaci\u00f3n no personal est\u00e9 asociada con Informaci\u00f3n personal, la combinaci\u00f3n se trata como Informaci\u00f3n personal.<\/p>\n<p><strong>2.3\u00a0\u00a0\u00a0\u00a0\u00a0\u00a0\u00a0\u00a0\u00a0 Informaci\u00f3n Bridgestone Mining Solutions Technology Limited<\/strong> <strong>automatically collects from you<\/strong>.<\/p>\n<p>Adem\u00e1s de la informaci\u00f3n que usted proporciona a Bridgestone Mining Solutions Technology Limited, Bridgestone Mining Solutions Technology Limited puede rastrear autom\u00e1ticamente cierta informaci\u00f3n seg\u00fan su comportamiento en el Sitio.<\/p>\n<p data-pm-slice=\"1 1 &#091;&quot;bulletList&quot;,null,&quot;listItem&quot;,null&#093;\">Bridgestone Mining Solutions Technology Limited puede utilizar dispositivos de recopilaci\u00f3n de datos, como \u201ccookies\u201d y \u201cbalizas web\u201d en ciertas p\u00e1ginas del Sitio para ayudar a analizar el flujo y el rendimiento de nuestro sitio web. Las cookies son piezas de informaci\u00f3n que un sitio web transfiere a la computadora de un individuo con fines de mantenimiento de registros. Estas cookies se colocar\u00e1n como un archivo de texto en el navegador de su computadora. Puede configurar su navegador para que rechace las cookies, pero entonces es posible que no pueda acceder o utilizar partes del Sitio. Las balizas web son peque\u00f1os fragmentos de c\u00f3digo integrados en p\u00e1ginas web o correos electr\u00f3nicos que ayudan a enviar cookies. Ayudan a Bridgestone Mining Solutions Technology Limited a determinar si una p\u00e1gina web ha sido visitada y, de ser as\u00ed, cu\u00e1ntas veces. Bridgestone Mining Solutions Technology Limited tambi\u00e9n puede utilizar balizas web en mensajes de correo electr\u00f3nico para determinar qu\u00e9 ha hecho el destinatario con el mensaje. Aunque no puede negarse a recibir balizas web cuando visita una p\u00e1gina web, puede optar por no recibirlas por correo electr\u00f3nico si desactiva las im\u00e1genes HTML o rechaza los mensajes de correo electr\u00f3nico HTML. Bridgestone Mining Solutions Technology Limited puede recopilar autom\u00e1ticamente otra informaci\u00f3n, incluido el tipo de computadora, tipo de navegador y complementos, idioma, proveedor de servicios de Internet (ISP), sistema operativo, habilitaci\u00f3n de scripts de Java, p\u00e1ginas de referencia y salida, marca de fecha\/hora, secuencia de clics. datos, y ciudad y pa\u00eds. Adem\u00e1s, Bridgestone Mining Solutions Technology Limited puede recopilar y registrar autom\u00e1ticamente su direcci\u00f3n de Protocolo de Internet (\u201cdirecci\u00f3n IP\u201d). Su direcci\u00f3n IP es una direcci\u00f3n num\u00e9rica \u00fanica que consta de cuatro n\u00fameros separados por puntos que proporciona la ubicaci\u00f3n de una computadora individual en Internet. Las direcciones IP se utilizan para designar la computadora desde la que accede al sitio web.<\/p>\n<p><strong>3. Uso y divulgaci\u00f3n de informaci\u00f3n<\/strong>.<\/p>\n<p>Bridgestone Mining Solutions Technology Limited utiliza y comparte la informaci\u00f3n que usted nos proporciona y la informaci\u00f3n que recopilamos autom\u00e1ticamente de usted de acuerdo con esta Secci\u00f3n. Bridgestone Mining Solutions Technology Limited no impone ninguna restricci\u00f3n al uso o divulgaci\u00f3n de informaci\u00f3n no personal.<\/p>\n<p><strong>3.1. Prop\u00f3sito general.<\/strong><\/p>\n<p>El objetivo principal de Bridgestone Mining Solutions Technology Limited para el Sitio es proporcionar informaci\u00f3n sobre nuestro negocio, nuestra marca y nuestros compromisos a sus visitantes.<\/p>\n<p><strong>4.\u00a0\u00a0\u00a0\u00a0\u00a0\u00a0\u00a0\u00a0\u00a0\u00a0\u00a0 Seguridad de los datos<\/strong>.<\/p>\n<p><strong>4.1. Salvaguardias<\/strong>.<\/p>\n<p>Este Sitio incorpora diversos procedimientos f\u00edsicos, electr\u00f3nicos y administrativos para salvaguardar la confidencialidad de su Informaci\u00f3n Personal. El acceso a su informaci\u00f3n personal est\u00e1 restringido. Solo los administradores de TI de Bridgestone Mining Solutions Technology Limited y sus afiliados y sus proveedores de servicios que necesitan acceso a su Informaci\u00f3n personal para realizar un trabajo espec\u00edfico tienen acceso a su Informaci\u00f3n personal. Los servidores donde Bridgestone Mining Solutions Technology Limited almacena su informaci\u00f3n personal est\u00e1n ubicados en la UE y se mantienen en un entorno seguro protegido por un firewall.<\/p>\n<p><strong>4.2. Precauci\u00f3n<\/strong>.<\/p>\n<p>Si bien Bridgestone Mining Solutions Technology Limited ha tomado precauciones para proteger su informaci\u00f3n personal, Bridgestone Mining Solutions Technology Limited no puede garantizar una seguridad completa porque actualmente no existe seguridad completa en Internet. Usted reconoce y acepta que Bridgestone Mining Solutions Technology Limited no ser\u00e1 responsable de ninguna violaci\u00f3n de seguridad que resulte de causas o eventos que est\u00e9n fuera del control de Bridgestone Mining Solutions Technology Limited (como pirater\u00eda, terrorismo, cortes de energ\u00eda, defectos en productos y servicios de seguridad de terceros, sus propios actos y omisiones y otros eventos similares que est\u00e9n fuera del control de Bridgestone Mining Solutions Technology Limited).<\/p>\n<p><strong>4.3. Administrar su informaci\u00f3n personal<\/strong>.<\/p>\n<p>Si lo solicita, Bridgestone Mining Solutions Technology Limited (a) eliminar\u00e1 su informaci\u00f3n personal de la base de datos de Bridgestone Mining Solutions Technology Limited (lo que podr\u00eda eliminar su env\u00edo a trav\u00e9s del Sitio o impedir que Bridgestone Mining Solutions Technology Limited se comunique con usted al respecto); o (b) corregir o actualizar su Informaci\u00f3n personal; siempre que, sin embargo, Bridgestone Mining Solutions Technology Limited pueda rechazar solicitudes que sean irrazonablemente repetitivas, requieran un esfuerzo t\u00e9cnico desproporcionado o sean extremadamente impr\u00e1cticas, o de otro modo en la medida permitida por la ley aplicable. Puede enviar una solicitud para que Bridgestone Mining Solutions Technology Limited elimine, corrija o actualice su informaci\u00f3n personal comunic\u00e1ndose con Bridgestone Mining Solutions Technology Limited a trav\u00e9s de la informaci\u00f3n publicada en la secci\u00f3n \"Cont\u00e1ctenos\" de este Sitio.<\/p>\n<p><strong>4.4. Data Sharing and Privacy Commitments<\/strong><\/p>\n<p>No personal information will be shared with third parties\/affiliates for marketing\/promotional purposes. All the above categories exclude text messaging originator opt-in data and consent; this information will not be shared with any third parties<\/p>\n<p><strong>5. Actualizaciones de esta Pol\u00edtica de Privacidad<\/strong>.<\/p>\n<p>Bridgestone Mining Solutions Technology Limited puede modificar esta Pol\u00edtica de Privacidad de vez en cuando a su exclusivo criterio. Si Bridgestone Mining Solutions Technology Limited realiza un cambio sustancial en la Pol\u00edtica de privacidad, Bridgestone Mining Solutions Technology Limited publicar\u00e1 dichos cambios y actualizaciones en el Sitio. Al continuar utilizando el Sitio despu\u00e9s de dicha notificaci\u00f3n, usted estar\u00e1 sujeto a la Pol\u00edtica de Privacidad modificada. Bridgestone Mining Solutions Technology Limited lo alienta a revisar esta Pol\u00edtica de privacidad de vez en cuando para saber si se ha modificado o actualizado.<\/p>\n<p><strong>6. C\u00f3mo ponerse en contacto con Bridgestone Mining Solutions Technology Limited<\/strong>.<\/p>\n<p>Si tiene alguna pregunta sobre esta Pol\u00edtica de Privacidad, puede contactarnos a trav\u00e9s de \u00a0<a href=\"mailto:info@bmst.bridgestone\">info@bmst.bridgestone <\/a>\u00a0Haremos todos los esfuerzos razonables para responder con prontitud a las solicitudes razonables que pueda tener con respecto a nuestro uso de su Informaci\u00f3n personal.<\/p>\n<\/div>\n\t\t<\/div><\/div><\/div><\/div><\/div><\/div>\n<\/div>","protected":false},"excerpt":{"rendered":"Privacy Policy California residents, please also see the\u00a0California Privacy Policy and Notice at Collection. Last Updated: 21\/02\/2022 Bridgestone Mining Solutions","protected":false},"author":1,"featured_media":0,"parent":0,"menu_order":0,"comment_status":"closed","ping_status":"closed","template":"","meta":{"footnotes":""},"class_list":["post-1954","page","type-page","status-publish","hentry"],"_links":{"self":[{"href":"https:\/\/bmst.bridgestone\/es\/wp-json\/wp\/v2\/pages\/1954","targetHints":{"allow":["GET"]}}],"collection":[{"href":"https:\/\/bmst.bridgestone\/es\/wp-json\/wp\/v2\/pages"}],"about":[{"href":"https:\/\/bmst.bridgestone\/es\/wp-json\/wp\/v2\/types\/page"}],"author":[{"embeddable":true,"href":"https:\/\/bmst.bridgestone\/es\/wp-json\/wp\/v2\/users\/1"}],"replies":[{"embeddable":true,"href":"https:\/\/bmst.bridgestone\/es\/wp-json\/wp\/v2\/comments?post=1954"}],"version-history":[{"count":22,"href":"https:\/\/bmst.bridgestone\/es\/wp-json\/wp\/v2\/pages\/1954\/revisions"}],"predecessor-version":[{"id":2199,"href":"https:\/\/bmst.bridgestone\/es\/wp-json\/wp\/v2\/pages\/1954\/revisions\/2199"}],"wp:attachment":[{"href":"https:\/\/bmst.bridgestone\/es\/wp-json\/wp\/v2\/media?parent=1954"}],"curies":[{"name":"wp","href":"https:\/\/api.w.org\/{rel}","templated":true}]}}